{"id":1243,"date":"2024-06-10T14:45:34","date_gmt":"2024-06-10T12:45:34","guid":{"rendered":"http:\/\/wordpress.p662293.webspaceconfig.de\/?page_id=1243"},"modified":"2025-10-01T11:10:16","modified_gmt":"2025-10-01T09:10:16","slug":"impressum","status":"publish","type":"page","link":"https:\/\/august-kayser-stiftung.de\/index.php\/impressum\/","title":{"rendered":"Impressum"},"content":{"rendered":"\t\t<div data-elementor-type=\"wp-page\" data-elementor-id=\"1243\" class=\"elementor elementor-1243\" data-elementor-post-type=\"page\">\n\t\t\t\t\t\t<section class=\"elementor-section elementor-top-section elementor-element elementor-element-7e5d30c9 elementor-section-full_width elementor-section-height-default elementor-section-height-default\" data-id=\"7e5d30c9\" data-element_type=\"section\" data-settings=\"{&quot;background_background&quot;:&quot;classic&quot;}\">\n\t\t\t\t\t\t<div class=\"elementor-container elementor-column-gap-default\">\n\t\t\t\t\t<div class=\"elementor-column elementor-col-100 elementor-top-column elementor-element elementor-element-21cfea42\" data-id=\"21cfea42\" data-element_type=\"column\">\n\t\t\t<div class=\"elementor-widget-wrap elementor-element-populated\">\n\t\t\t\t\t\t<div class=\"elementor-element elementor-element-2386cdb9 elementor-widget elementor-widget-heading\" data-id=\"2386cdb9\" data-element_type=\"widget\" data-widget_type=\"heading.default\">\n\t\t\t\t<div class=\"elementor-widget-container\">\n\t\t\t\t\t<h2 class=\"elementor-heading-title elementor-size-default\">Impressum<\/h2>\t\t\t\t<\/div>\n\t\t\t\t<\/div>\n\t\t\t\t<div class=\"elementor-element elementor-element-78c1032a elementor-widget-divider--view-line elementor-widget elementor-widget-divider\" data-id=\"78c1032a\" data-element_type=\"widget\" data-widget_type=\"divider.default\">\n\t\t\t\t<div class=\"elementor-widget-container\">\n\t\t\t\t\t\t\t<div class=\"elementor-divider\">\n\t\t\t<span class=\"elementor-divider-separator\">\n\t\t\t\t\t\t<\/span>\n\t\t<\/div>\n\t\t\t\t\t\t<\/div>\n\t\t\t\t<\/div>\n\t\t\t\t\t<\/div>\n\t\t<\/div>\n\t\t\t\t\t<\/div>\n\t\t<\/section>\n\t\t<div class=\"elementor-element elementor-element-93a73d4 e-flex e-con-boxed e-con e-parent\" data-id=\"93a73d4\" data-element_type=\"container\">\n\t\t\t\t\t<div class=\"e-con-inner\">\n\t\t\t\t<div class=\"elementor-element elementor-element-570b31a elementor-widget elementor-widget-text-editor\" data-id=\"570b31a\" data-element_type=\"widget\" data-widget_type=\"text-editor.default\">\n\t\t\t\t<div class=\"elementor-widget-container\">\n\t\t\t\t\t\t\t\t\t<p><strong>August Kayser Stiftung<br \/><\/strong>August-Kayser-Stra\u00dfe 23<br \/>75175 Pforzheim<\/p><p>Telefon: 07231 \/ 9660-0<br \/>Telefax: 07231 \/ 9660-14<br \/>E-Mail:\u00a0<a href=\"mailto:info@august-kayser-stiftung.de\">info@august-kayser-stiftung.de<\/a><\/p><p><strong>Mitglieder des Verwaltungsrates:<\/strong><\/p><p>1. Vorsitzender: Ulli Wetzel<br \/>\u00a0 Stellv. Vorsitzender: Hendrik Digel<br \/>\u00a0 Stellv. Vorsitzender: Bastian Meyer<br \/>\u00a0 Sven K\u00f6feler<br \/>\u00a0 Carsten von Zeppelin<br \/>\u00a0 Dr. Stefanie Weis<br \/>\u00a0 PD Dr. rer. nat. Afsaneh Soruri<\/p><p>\u00a0 Sicherheitsbeauftragter f\u00fcr Medizinprodukte, Andreas Kloeters<\/p><p><strong>Interne Meldestelle der August Kayser Stiftung<br \/><\/strong><br \/>Die Verpflichtung der August Kayser Stiftung zur Einrichtung einer internen Meldestelle beruht auf der EU-Richtlinie 2019\/1937 (sog. \u201eWhistleblower-Richtlinie\u201c) und dem Hinweisgeberschutzgesetz (HinSchG).<\/p><p>F\u00fcr hinweisgebende Personen hat die August Kayser Stiftung deshalb eine interne Meldestelle eingerichtet, \u00fcber die Meldungen vertraulich abgegeben werden k\u00f6nnen. Hinweisgebende Personen sind vor jeglichen Repressalien gesch\u00fctzt, soweit nicht vors\u00e4tzlich oder grob fahrl\u00e4ssig unrichtige Informationen \u00fcber Verst\u00f6\u00dfe gemeldet werden.<\/p><p>Zu den hinweisgebenden Personen z\u00e4hlen Besch\u00e4ftigte der August Kayser Stiftung und Personen, die im Zusammenhang mit ihrer beruflichen T\u00e4tigkeit in Verbindung zur August Kayser Stiftung stehen.<\/p><p>Meldungen k\u00f6nnen:<\/p><p>\u2013 hier auf der Webseite im Fu\u00dfbereich<br \/>\u2013 per E-Mail unter\u00a0<a href=\"mailto:meldestelle@august-kayser-stiftung.de\">meldestelle@august-kayser-stiftung.de<\/a><br \/>\u2013 telefonisch unter: 07231 966040,<br \/>\u2013 schriftlich unter August Kayser Stiftung, August-Kayser-Stra\u00dfe 23, 75175 Pforzheim<br \/>\u2013 auf Wunsch der hinweisgebenden Person auch im Rahmen eines pers\u00f6nlichen Gespr\u00e4chs<\/p><p>abgegeben werden. Bei der Abgabe der Meldung per Brief sollte auf dem Umschlag des Schreibens zus\u00e4tzlich \u201evertraulich\u201c vermerkt werden.<\/p><p>Den Eingang einer Meldung best\u00e4tigen wir innerhalb von 7 Tagen. Innerhalb von drei Monaten erfolgt eine abschlie\u00dfende Bearbeitung.<\/p><p>Weitere Informationen zur internen Meldestelle, \u00fcber das Meldeverfahren und zur Vertraulichkeit von Meldungen finden Sie in unserer\u00a0Datenschutzerkl\u00e4rung.<\/p><p><strong>Verbraucherstreitbeilegung\/Universalschlichtungsstelle<\/strong><\/p><p>Wir sind nicht bereit oder verpflichtet, an Streitbeilegungsverfahren vor einer Verbraucherschlichtungsstelle teilzunehmen.<\/p><p><strong>Bildnachweis:<\/strong><\/p><p>Benjamin Klakow, Klakow Studios<\/p><p>Drohnenvideo: Ulli Wetzel<\/p><p>Bild l\u00e4chelnde Dame Startseite: Canva pro, Ridofranz<\/p><p>Bild Seitenportrait Senior Startseite: Canva pro, pexels<\/p>\t\t\t\t\t\t\t\t<\/div>\n\t\t\t\t<\/div>\n\t\t\t\t\t<\/div>\n\t\t\t\t<\/div>\n\t\t\t\t<\/div>\n\t\t","protected":false},"excerpt":{"rendered":"<p>Impressum August Kayser StiftungAugust-Kayser-Stra\u00dfe 2375175 Pforzheim Telefon: 07231 \/ 9660-0Telefax: 07231 \/ 9660-14E-Mail:\u00a0info@august-kayser-stiftung.de Mitglieder des Verwaltungsrates: 1. Vorsitzender: Ulli Wetzel\u00a0 Stellv. Vorsitzender: Hendrik Digel\u00a0 Stellv. Vorsitzender: Bastian Meyer\u00a0 Sven K\u00f6feler\u00a0 Carsten von Zeppelin\u00a0 Dr. Stefanie Weis\u00a0 PD Dr. rer. nat. Afsaneh Soruri \u00a0 Sicherheitsbeauftragter f\u00fcr Medizinprodukte, Andreas Kloeters Interne Meldestelle der August Kayser StiftungDie Verpflichtung [&hellip;]<\/p>\n","protected":false},"author":4,"featured_media":0,"parent":0,"menu_order":0,"comment_status":"closed","ping_status":"closed","template":"elementor_header_footer","meta":{"ocean_post_layout":"","ocean_both_sidebars_style":"","ocean_both_sidebars_content_width":0,"ocean_both_sidebars_sidebars_width":0,"ocean_sidebar":"","ocean_second_sidebar":"","ocean_disable_margins":"enable","ocean_add_body_class":"","ocean_shortcode_before_top_bar":"","ocean_shortcode_after_top_bar":"","ocean_shortcode_before_header":"","ocean_shortcode_after_header":"","ocean_has_shortcode":"","ocean_shortcode_after_title":"","ocean_shortcode_before_footer_widgets":"","ocean_shortcode_after_footer_widgets":"","ocean_shortcode_before_footer_bottom":"","ocean_shortcode_after_footer_bottom":"","ocean_display_top_bar":"default","ocean_display_header":"default","ocean_header_style":"","ocean_center_header_left_menu":"","ocean_custom_header_template":"","ocean_custom_logo":0,"ocean_custom_retina_logo":0,"ocean_custom_logo_max_width":0,"ocean_custom_logo_tablet_max_width":0,"ocean_custom_logo_mobile_max_width":0,"ocean_custom_logo_max_height":0,"ocean_custom_logo_tablet_max_height":0,"ocean_custom_logo_mobile_max_height":0,"ocean_header_custom_menu":"","ocean_menu_typo_font_family":"","ocean_menu_typo_font_subset":"","ocean_menu_typo_font_size":0,"ocean_menu_typo_font_size_tablet":0,"ocean_menu_typo_font_size_mobile":0,"ocean_menu_typo_font_size_unit":"px","ocean_menu_typo_font_weight":"","ocean_menu_typo_font_weight_tablet":"","ocean_menu_typo_font_weight_mobile":"","ocean_menu_typo_transform":"","ocean_menu_typo_transform_tablet":"","ocean_menu_typo_transform_mobile":"","ocean_menu_typo_line_height":0,"ocean_menu_typo_line_height_tablet":0,"ocean_menu_typo_line_height_mobile":0,"ocean_menu_typo_line_height_unit":"","ocean_menu_typo_spacing":0,"ocean_menu_typo_spacing_tablet":0,"ocean_menu_typo_spacing_mobile":0,"ocean_menu_typo_spacing_unit":"","ocean_menu_link_color":"","ocean_menu_link_color_hover":"","ocean_menu_link_color_active":"","ocean_menu_link_background":"","ocean_menu_link_hover_background":"","ocean_menu_link_active_background":"","ocean_menu_social_links_bg":"","ocean_menu_social_hover_links_bg":"","ocean_menu_social_links_color":"","ocean_menu_social_hover_links_color":"","ocean_disable_title":"on","ocean_disable_heading":"default","ocean_post_title":"","ocean_post_subheading":"","ocean_post_title_style":"","ocean_post_title_background_color":"","ocean_post_title_background":0,"ocean_post_title_bg_image_position":"","ocean_post_title_bg_image_attachment":"","ocean_post_title_bg_image_repeat":"","ocean_post_title_bg_image_size":"","ocean_post_title_height":0,"ocean_post_title_bg_overlay":0.5,"ocean_post_title_bg_overlay_color":"","ocean_disable_breadcrumbs":"default","ocean_breadcrumbs_color":"","ocean_breadcrumbs_separator_color":"","ocean_breadcrumbs_links_color":"","ocean_breadcrumbs_links_hover_color":"","ocean_display_footer_widgets":"default","ocean_display_footer_bottom":"default","ocean_custom_footer_template":"","footnotes":""},"class_list":["post-1243","page","type-page","status-publish","hentry","entry"],"_links":{"self":[{"href":"https:\/\/august-kayser-stiftung.de\/index.php\/wp-json\/wp\/v2\/pages\/1243","targetHints":{"allow":["GET"]}}],"collection":[{"href":"https:\/\/august-kayser-stiftung.de\/index.php\/wp-json\/wp\/v2\/pages"}],"about":[{"href":"https:\/\/august-kayser-stiftung.de\/index.php\/wp-json\/wp\/v2\/types\/page"}],"author":[{"embeddable":true,"href":"https:\/\/august-kayser-stiftung.de\/index.php\/wp-json\/wp\/v2\/users\/4"}],"replies":[{"embeddable":true,"href":"https:\/\/august-kayser-stiftung.de\/index.php\/wp-json\/wp\/v2\/comments?post=1243"}],"version-history":[{"count":84,"href":"https:\/\/august-kayser-stiftung.de\/index.php\/wp-json\/wp\/v2\/pages\/1243\/revisions"}],"predecessor-version":[{"id":2005,"href":"https:\/\/august-kayser-stiftung.de\/index.php\/wp-json\/wp\/v2\/pages\/1243\/revisions\/2005"}],"wp:attachment":[{"href":"https:\/\/august-kayser-stiftung.de\/index.php\/wp-json\/wp\/v2\/media?parent=1243"}],"curies":[{"name":"wp","href":"https:\/\/api.w.org\/{rel}","templated":true}]}}