{"id":3,"date":"2024-02-22T14:28:51","date_gmt":"2024-02-22T13:28:51","guid":{"rendered":"http:\/\/wordpress.p662293.webspaceconfig.de\/?page_id=3"},"modified":"2025-09-23T14:24:31","modified_gmt":"2025-09-23T12:24:31","slug":"datenschutzerklaerung","status":"publish","type":"page","link":"https:\/\/august-kayser-stiftung.de\/index.php\/datenschutzerklaerung\/","title":{"rendered":"Datenschutzerkl\u00e4rung"},"content":{"rendered":"\t\t<div data-elementor-type=\"wp-page\" data-elementor-id=\"3\" class=\"elementor elementor-3\" data-elementor-post-type=\"page\">\n\t\t\t\t<div class=\"elementor-element elementor-element-547cb17 e-flex e-con-boxed e-con e-parent\" data-id=\"547cb17\" data-element_type=\"container\">\n\t\t\t\t\t<div class=\"e-con-inner\">\n\t\t\t\t<div class=\"elementor-element elementor-element-45ad234 elementor-widget elementor-widget-html\" data-id=\"45ad234\" data-element_type=\"widget\" data-widget_type=\"html.default\">\n\t\t\t\t<div class=\"elementor-widget-container\">\n\t\t\t\t\t<!DOCTYPE html><html lang='de'><body>\n\n<H2>DATENSCHUTZERKL\u00c4RUNG F\u00dcR DIE NUTZUNG UNSERER WEBSITES<\/H2>\n\n<H3>INFORMATION \u00dcBER DIE ERHEBUNG PERSONENBEZOGENER DATEN<\/H3>\n\n<p>(1) Im Folgenden informieren wir \u00fcber die Erhebung personenbezogener Daten bei Nutzung unserer Website. Personenbezogene Daten sind alle Daten, die auf Sie pers\u00f6nlich beziehbar sind, z. B. Name, Adresse, E-Mail-Adressen, Nutzerverhalten. Dadurch m\u00f6chten wir Sie \u00fcber unsere Verarbeitungsvorg\u00e4nge informieren und zugleich den gesetzlichen Pflichten, insbesondere aus der EU-Datenschutz-Grundverordnung (DS-GVO), nachkommen. <\/p>\n\n<p>(2) Verantwortlicher gem. Art. 4 Abs. 7 EU-Datenschutz-Grundverordnung (DS-GVO) ist August Kayser Stiftung, August-Kayser-Stra\u00dfe 23, 75175 Pforzheim, <a href='mailto:info@august-kayser-stiftung.de'>info@august-kayserstiftung.de<\/a>. Unseren Datenschutzbeauftragten erreichen Sie unter <a href='mailto:dominik.gueneri@advizzr.net'>dominik.gueneri@advizzr.net<\/a> oder unserer Postadresse mit dem Zusatz \u201eder Datenschutzbeauftragte\u201c. <\/p>\n\n<p>(3) Bei Ihrer Kontaktaufnahme mit uns per E-Mail oder \u00fcber ein Kontaktformular werden die von Ihnen mitgeteilten Daten (Ihre E-Mail-Adresse, ggf. Ihr Name und Ihre Telefonnummer) von uns gespeichert, um Ihre Fragen zu beantworten. Die in diesem Zusammenhang anfallenden Daten l\u00f6schen wir, falls die Anfrage einem Vertrag zugeordnet wird, nach den Fristen zur Vertragslaufzeit. Ansonsten l\u00f6schen wir sie, nachdem die Speicherung nicht mehr erforderlich ist, oder schr\u00e4nken die Verarbeitung ein, falls gesetzliche Aufbewahrungspflichten bestehen.<\/p>\n\n<p>(4) Falls wir f\u00fcr einzelne Funktionen unseres Angebots auf beauftragte Dienstleister zur\u00fcckgreifen oder Ihre Daten f\u00fcr werbliche Zwecke nutzen m\u00f6chten, werden wir diese Dienstleister stets sorgf\u00e4ltig ausw\u00e4hlen und \u00fcberwachen und informieren Sie untenstehend im Detail \u00fcber die jeweiligen Vorg\u00e4nge. Dabei nennen wir auch die festgelegten Kriterien der Speicherdauer.<\/p>\n\n<H4>IHRE RECHTE<\/H4>\n<p>(1) Sie haben gegen\u00fcber uns folgende Rechte hinsichtlich der Sie betreffenden personenbezogenen Daten:<\/p>\n<ul>\n<li>Recht auf Auskunft<\/li>\n<li>Recht auf Berichtigung oder L\u00f6schung<\/li>\n<li>Recht auf Einschr\u00e4nkung der Verarbeitung<\/li>\n<li>Recht auf Widerspruch gegen die Verarbeitung<\/li>\n<li>Recht auf Daten\u00fcbertragbarkeit<\/li> <\/ul>\n\n<p>(2) Sie haben zudem das Recht, sich bei einer Datenschutz-Aufsichtsbeh\u00f6rde \u00fcber die Verarbeitung Ihrer personenbezogenen Daten durch uns zu beschweren.<\/p>\n\n<H4>ERHEBUNG PERSONENBEZOGENER DATEN BEI BESUCH UNSERER WEBSITE<\/H4>\n\n<p>(1) Bei der blo\u00df informatorischen Nutzung der Website, also wenn Sie uns nicht anderweitig Informationen \u00fcbermitteln, erheben wir nur die personenbezogenen Daten, die Ihr Browser an unseren Server \u00fcbermittelt. Wenn Sie unsere Website betrachten m\u00f6chten, erheben wir die folgenden Daten, die f\u00fcr uns technisch erforderlich sind, um Ihnen unsere Website anzuzeigen und die Stabilit\u00e4t und Sicherheit zu gew\u00e4hrleisten (Rechtsgrundlage ist Art. 6 Abs. 1 S. 1 lit. f DS-GVO):<\/p>\n\n<ul>\n<li>IP-Adresse<\/li>\n<li>Datum und Uhrzeit der Anfrage<\/li>\n<li>Zeitzonendifferenz zur Greenwich Mean Time (GMT)<\/li>\n<li>Inhalt der Anforderung (konkrete Seite)<\/li>\n<li>Zugriffsstatus\/HTTP-Statuscode<\/li>\n<li>jeweils \u00fcbertragene Datenmenge<\/li>\n<li>Website, von der die Anforderung kommt<\/li>\n<li>Browser<\/li>\n<li>Betriebssystem und dessen Oberfl\u00e4che<\/li>\n<li>Sprache und Version der Browsersoftware<\/li> <\/ul>\n\n<p>(2) Zus\u00e4tzlich zu den zuvor genannten Daten k\u00f6nnen bei Ihrer Nutzung unserer Website \u2013 bereits jetzt oder in Zukunft \u2013 Cookies auf Ihrem Rechner gespeichert werden. Bei Cookies handelt es sich um kleine Textdateien, die auf Ihrer Festplatte dem von Ihnen verwendeten Browser zugeordnet gespeichert werden und durch welche der Stelle, die den Cookie setzt (hier durch uns), bestimmte Informationen zuflie\u00dfen. Cookies k\u00f6nnen keine Programme ausf\u00fchren oder Viren auf Ihren Computer \u00fcbertragen. Sie dienen dazu, das Internetangebot insgesamt nutzerfreundlicher und effektiver zu machen (Rechtsgrundlage ist Art. 6 Abs. 1 S. 1 lit. a DS-GVO). Grunds\u00e4tzlich k\u00f6nnen Sie Cookies \u00fcber die Einstellungen in Ihrem Browser jederzeit l\u00f6schen oder von vornherein blocken.<\/p>\n\n<H4>WEITERE FUNKTIONEN UND ANGEBOTE UNSERER WEBSITE<\/H4>\n\n<p>(1) Neben der rein informatorischen Nutzung unserer Website k\u00f6nnen wir verschiedene Leistungen anbieten, die Sie bei Interesse nutzen k\u00f6nnen. Dazu m\u00fcssen Sie in der Regel weitere personenbezogene Daten angeben, die wir zur Erbringung der jeweiligen Leistung nutzen und f\u00fcr die die zuvor genannten Grunds\u00e4tze zur Datenverarbeitung gelten.<\/p>\n\n<p>(2) Teilweise bedienen wir uns zur Verarbeitung Ihrer Daten externer Dienstleister. Diese wurden von uns sorgf\u00e4ltig ausgew\u00e4hlt und beauftragt, sind an unsere Weisungen gebunden und werden regelm\u00e4\u00dfig kontrolliert. <\/p>\n\n<p>(3) Weiterhin k\u00f6nnen wir Ihre personenbezogenen Daten an Dritte weitergeben, wenn Aktionsteilnahmen, Gewinnspiele, Vertragsabschl\u00fcsse oder \u00e4hnliche Leistungen von uns gemeinsam mit Partnern angeboten werden. N\u00e4here Informationen hierzu erhalten Sie bei Angabe Ihrer personenbezogenen Daten oder untenstehend in der Beschreibung des Angebotes. <\/p>\n\n<p>(4) Soweit unsere Dienstleister oder Partner ihren Sitz in einem Staat au\u00dferhalb des Europ\u00e4ischen Wirtschaftsraumes (EWR) haben, informieren wir Sie \u00fcber die Folgen dieses Umstands in der Beschreibung des Angebotes. <\/p>\n\n<H4>WIDERSPRUCH ODER WIDERRUF GEGEN DIE VERARBEITUNG IHRER DATEN<\/H4>\n\n<p>(1) Falls Sie eine Einwilligung zur Verarbeitung Ihrer Daten erteilt haben, k\u00f6nnen Sie diese jederzeit widerrufen. Ein solcher Widerruf beeinflusst die Zul\u00e4ssigkeit der Verarbeitung Ihrer personenbezogenen Daten, nachdem Sie ihn gegen\u00fcber uns ausgesprochen haben. <\/p>\n\n<p>(2) Soweit wir die Verarbeitung Ihrer personenbezogenen Daten auf die Interessenabw\u00e4gung st\u00fctzen, k\u00f6nnen Sie Widerspruch gegen die Verarbeitung einlegen. Dies ist der Fall, wenn die Verarbeitung insbesondere nicht zur Erf\u00fcllung eines Vertrags mit Ihnen erforderlich ist, was von uns jeweils bei der nachfolgenden Beschreibung der Funktionen dargestellt wird. Bei Aus\u00fcbung eines solchen Widerspruchs bitten wir um Darlegung der Gr\u00fcnde, weshalb wir Ihre personenbezogenen Daten nicht wie von uns durchgef\u00fchrt verarbeiten sollten. Im Falle Ihres begr\u00fcndeten Widerspruchs pr\u00fcfen wir die Sachlage und werden entweder die Datenverarbeitung einstellen bzw. anpassen oder Ihnen unsere zwingenden schutzw\u00fcrdigen Gr\u00fcnde aufzeigen, aufgrund derer wir die Verarbeitung fortf\u00fchren. <\/p>\n\n<p>(3) Selbstverst\u00e4ndlich k\u00f6nnen Sie der Verarbeitung Ihrer personenbezogenen Daten f\u00fcr Zwecke der Werbung und Datenanalyse jederzeit widersprechen. \u00dcber Ihren Werbewiderspruch k\u00f6nnen Sie uns unter folgenden Kontaktdaten informieren: August Kayser Stiftung, August-Kayser-Stra\u00dfe 23, 75175 Pforzheim, <a href='mailto:info@august-kayserstiftung.de'>info@august-kayser-stiftung.de<\/a>. <\/p>\n\n<H4>DAUER DER SPEICHERUNG VON PERSONENBEZOGENEN DATEN<\/H4>\n\n<p>Personenbezogene Daten speichern wir gem\u00e4\u00df den gesetzlichen Aufbewahrungsfristen (z. B. nach handels- und steuerrechtlichen Vorschriften). Nach Ablauf dieser Fristen werden die Daten gel\u00f6scht, es sei denn, sie sind weiterhin zur Erf\u00fcllung eines Vertrags erforderlich oder es besteht ein berechtigtes Interesse an ihrer weiteren Speicherung.<\/p>\n\n<H2>DATENSCHUTZHINWEIS F\u00dcR DIE VERARBEITUNG PERSONENBEZOGENER DATEN AUSSERHALB UNSERER WEBSITES<\/H2>\n\n<p>Personenbezogene Daten werden bei der betroffenen Person selbst erhoben. Die weitere Erhebung und Speicherung sowie Verarbeitung und Nutzung dieser und anderer personenbezogener Daten im Sinne der Datenschutzgrundverordnung (DS-GVO) ist zur Erf\u00fcllung der gesetzlichen Aufgaben und rechtlichen Verpflichtungen sowie zur Wahrung der berechtigten Interessen, insbesondere hinsichtlich einer dauerhaften Kundenbeziehung und der Direktwerbung, erforderlich. Rechtsgrundlagen f\u00fcr oben bezeichnete Datenverarbeitungen sind Artikel 6 Abs. 1b) und Abs. 1f) DS-GVO. Rechtsgrundlage f\u00fcr die Verarbeitung aufgrund einer Einwilligung ist Artikel 6 Abs. 1a) DS-GVO. Eine Verpflichtung, evtl. erforderliche Einwilligungen zu erteilen, besteht nicht und erteilte Einwilligungen k\u00f6nnen jederzeit - einzeln oder insgesamt - f\u00fcr die Zukunft widerrufen werden. Ein evtl. Widerruf ist an August Kayser Stiftung, August-Kayser-Stra\u00dfe 23, 75175 Pforzheim, E-Mail: <a href=\"mailto:info@august-kayser-stiftung.de\">info@august-kayser-stiftung.de<\/a> zu richten. In diesem Fall werden die aufgrund einer Einwilligung erhobenen und gespeicherten Daten gel\u00f6scht. Sie k\u00f6nnen Auskunft \u00fcber die Verarbeitung Ihrer personenbezogenen Daten verlangen, bei Unrichtigkeit dieser Daten deren Berichtigung und bei unzul\u00e4ssiger Speicherung ihre L\u00f6schung fordern sowie Beschwerde bei der Aufsichtsbeh\u00f6rde einlegen. Au\u00dferdem haben Sie das Recht, der Verarbeitung Ihrer personenbezogenen Daten jederzeit zu widersprechen, soweit besondere Gr\u00fcnde vorliegen. Zudem besteht das Recht auf Daten\u00fcbertragung nach Art. 20 DS-GVO. <\/p>\n\n<p>Unseren Datenschutzbeauftragten erreichen Sie unter <a href=\"mailto:dominik.gueneri@advizzr.net\">dominik.gueneri@advizzr.net<\/a> oder unserer Postadresse mit dem Zusatz der Datenschutzbeauftragte. Ihre Daten werden grunds\u00e4tzlich gel\u00f6scht, sobald der Zweck ihrer Verarbeitung entf\u00e4llt. Das gilt insbesondere dann nicht, wenn dar\u00fcber hinausgehende, gesetzliche Aufbewahrungspflichten bestehen. Teilweise bedienen wir uns zur Verarbeitung Ihrer Daten externer Dienstleister. Diese wurden von uns sorgf\u00e4ltig ausgew\u00e4hlt und beauftragt, sind an unsere Weisungen gebunden und werden regelm\u00e4\u00dfig kontrolliert. Dritte in diesem Sinne k\u00f6nnen sein: Steuerberater, Buchhaltungsb\u00fcros, Datenbanken im Rahmen unseres CRM-Systems (Kundenverwaltungssystems), Betreiber unserer Website- und E-Mail-Server-\/Administratoren, IT-Dienstleister (ggf. Fernwartung) sowie Finanzdienstleister (Banken). Eine evtl. Weitergabe Ihrer Daten erfolgt ausschlie\u00dflich aufgrund gesetzlicher Verpflichtungen an \u00f6ffentliche Stellen, die Ihre Daten zur Erf\u00fcllung ihrer gesetzlichen Aufgaben ben\u00f6tigen, oder an nat\u00fcrliche bzw. juristische Personen des Privatrechts, die ein berechtigtes Interesse an der Verwendung Ihrer Daten darlegen, oder wenn eine ausdr\u00fcckliche Einwilligung vorliegt, oder zur Wahrung berechtigter Interessen im Sinne des Art. 6 Abs. 1f) DS-GVO. <\/p>\n\n<H3>DATENSCHUTZHINWEISE F\u00dcR BESONDERE KATEGORIEN PERSONENBEZOGENER DATEN<\/H3>\n\n  <h4>EINRICHTUNG EINER INTERNEN MELDESTELLE DER AUGUST KAYSER STIFTUNG F\u00dcR HINWEISGEBENDE PERSONEN (HinSchG)<\/h4>\n\n<p>(1) Die August Kayser Stiftung stellt f\u00fcr ihre Besch\u00e4ftigten und Personen, die im Zusammenhang mit ihrer beruflichen T\u00e4tigkeit in Verbindung zur August Kayser Stiftung stehen, in \u00dcbereinstimmung mit der EU-Richtlinie 2019\/1937 (\u201eWhistleblower-Richtlinie\u201c) und dem Gesetz f\u00fcr einen besseren Schutz hinweisgebender Personen (Hinweisgeberschutzgesetz \u2013 HinSchG) eine interne Meldestelle zur Verf\u00fcgung, \u00fcber die Meldungen vertraulich abgegeben werden k\u00f6nnen. Weitere Informationen zur internen Meldestelle sowie zu den Kontaktm\u00f6glichkeiten finden Sie unter <a href=\"https:\/\/august-kayser-stiftung.de\/impressum\"> https:\/\/august-kayser-stiftung.de\/impressum<\/a>. <\/p> \n\n<p>(2) Die Einrichtung von Verfahren zur Meldung von Missst\u00e4nden ist zur Einhaltung der gesetzlichen Bestimmungen f\u00fcr die August Kayser Stiftung erforderlich. Rechtsgrundlage f\u00fcr die Verarbeitung personenbezogener Daten von Hinweisgebern und betroffenen Personen im Rahmen von Hinweisen ist Art. 6 Abs. 1 lit. c DS-GVO und \u00a7 10 HinSchG (gesetzliche Verpflichtung). Das Ziel der Verarbeitung von Hinweisen ist die Verhinderung von strafbewehrten Verst\u00f6\u00dfen, bu\u00dfgeldbewehrten Verst\u00f6\u00dfen, soweit sie dem Schutz von Leben, Leib oder Gesundheit oder dem Schutz der Rechte von Besch\u00e4ftigten oder ihrer Vertretungsorgane dienen, Verst\u00f6\u00dfen gegen das Geldw\u00e4schegesetz, sonstigen Verst\u00f6\u00dfen gegen Rechtsvorschriften des Bundes und der L\u00e4nder, z. B. mit Vorgaben zur Produktsicherheit und -konformit\u00e4t oder mit Vorgaben zum Umweltrecht sowie Verst\u00f6\u00dfen gegen alle weiteren in \u00a7 2 HinSchG genannten Verbotsnormen. Die Verarbeitung von Hinweisen beschr\u00e4nkt sich auf den zur Erreichung dieses Ziels erforderlichen und durch den vom HinSchG legitimierten Umfang. <\/p> \n\n<p>(3) Eingehende Hinweise best\u00e4tigen wir innerhalb von 7 Tagen. Eine abschlie\u00dfende Bearbeitung erfolgt regelm\u00e4\u00dfig binnen drei Monaten. Die interne Meldestelle wahrt hierbei die Vertraulichkeit der Identit\u00e4t der hinweisgebenden Person, der Personen, die Gegenstand einer Meldung sind und der sonstigen in der Meldung genannten Personen. Innerhalb von drei Monaten nach der Eingangsbest\u00e4tigung oder, wenn keine Eingangsbest\u00e4tigung erfolgt ist, sp\u00e4testens drei Monate und sieben Tage nach Eingang der Meldung erh\u00e4lt die hinweisgebende Person eine begr\u00fcndete R\u00fcckmeldung \u00fcber die geplanten bzw. bereits ergriffenen Folgema\u00dfnahmen, soweit interne Nachforschungen oder Ermittlungen nicht ber\u00fchrt und die Rechte der Personen, die Gegenstand der Meldung oder die in der Meldung genannt werden, nicht beeintr\u00e4chtigt werden (vgl. \u00a7 17 Abs. 2 HinSchG). <\/p> \n\n<p>(4) Die Meldestelle wahrt die Vertraulichkeit der Identit\u00e4t der hinweisgebenden Person, der Personen, die Gegenstand einer Meldung sind und der sonstigen in der Meldung genannten Personen. Die Identit\u00e4t dieser Personen darf ausschlie\u00dflich den Personen, die f\u00fcr die Entgegennahme von Meldungen oder f\u00fcr das Ergreifen von Folgema\u00dfnahmen zust\u00e4ndig sind, sowie den sie bei der Erf\u00fcllung dieser Aufgaben unterst\u00fctzenden Personen bekannt werden. Ausnahmen hiervon regelt \u00a7 9 HinSchG. Gleichwohl kann eine vollst\u00e4ndige Anonymit\u00e4t der hinweisgebenden Person nicht gew\u00e4hrleistet werden. M\u00f6glicherweise enth\u00e4lt der Hinweis Informationen, die nur einem kleinen Personenkreis zug\u00e4nglich sind oder auf andere Weise R\u00fcckschl\u00fcsse auf die hinweisgebende Person zulassen. Anonymen Hinweisen wird grunds\u00e4tzlich nachgegangen. Bitte beachten Sie, dass wir beschuldigte Personen im Umfang von Art. 14 Abs. 1 bis 4 DS-GVO grunds\u00e4tzlich informieren m\u00fcssen, sobald wir deren personenbezogenen Daten im Rahmen eines entsprechenden Hinweises verarbeiten oder speichern. Eine solche Information von beschuldigten Personen erfolgt allerdings nach \u00a7 29 Abs. 1 Bundesdatenschutzgesetz (BDSG) dann nicht, soweit dadurch Informationen offenbart w\u00fcrden, die ihrem Wesen nach, insbesondere wegen der \u00fcberwiegenden berechtigten Interessen des Hinweisgebers, geheim gehalten werden m\u00fcssen. Unter denselben Voraussetzungen besteht auch kein Auskunftsanspruch der beschuldigten Person nach Art. 15 DS-GVO. <\/p> \n\n<p>(5) Um unberechtigte Zugriffe Dritter auf Ihre pers\u00f6nlichen Daten, insbesondere Ihre Hinweise, zu verhindern, wird die Verbindung per TLS-Technik verschl\u00fcsselt. <\/p> \n\n<p>(6) Alternativ zum internen Meldeverfahren kann sich die hinweisgebende Person an die externe Meldestelle des Bundes beim Bundesamt f\u00fcr Justiz wenden. Weitere Informationen zu dieser Meldestelle und zum Ablauf des dortigen Meldeverfahrens k\u00f6nnen unter <a href=\"https:\/\/www.bundesjustizamt.de\/DE\/MeldestelledesBundes\/MeldestelledesBundes_node.html\"> https:\/\/www.bundesjustizamt.de\/DE\/MeldestelledesBundes\/MeldestelledesBundes_node.html <\/a> abgerufen werden. <\/p>\n\n<H4>DATENSCHUTZHINWEISE F\u00dcR BEWERBER*INNEN<\/H4>\n\n<p>(1) Wir verarbeiten personenbezogene Daten von Bewerber*innen ausschlie\u00dflich zum Zweck der Durchf\u00fchrung des Bewerbungsverfahrens. Die Erhebung und Speicherung sowie Verarbeitung und Nutzung personenbezogener Bewerbungsdaten im Sinne der Datenschutzgrundverordnung (DS-GVO) ist zur Durchf\u00fchrung vorvertraglicher Ma\u00dfnahmen sowie zur Wahrung der berechtigten Interessen, insbesondere zur Durchf\u00fchrung von Bewerbungsverfahren, erforderlich. Rechtsgrundlage ist Art. 6 Abs. 1 S. 1 lit. b und lit. f DS-GVO. Soweit Bewerber*innen eine Einwilligung erteilt haben, ist Rechtsgrundlage Art. 6 Abs. 1 S. 1 lit. a DS-GVO. Eine Verpflichtung, evtl. erforderliche Einwilligungen zu erteilen, besteht nicht und erteilte Einwilligungen k\u00f6nnen jederzeit einzeln oder insgesamt - f\u00fcr die Zukunft widerrufen werden. In diesem Fall werden die aufgrund einer Einwilligung erhobenen und gespeicherten Daten gel\u00f6scht. <\/p>\n\n<p>(2) Die Daten der Bewerber*innen werden grunds\u00e4tzlich gel\u00f6scht, sobald der Zweck ihrer Verarbeitung entf\u00e4llt. Dies ist der Fall, wenn ein Bewerbungsverfahren abgeschlossen ist, sp\u00e4testens nach 6 Monate. Das gilt dann nicht, wenn dar\u00fcber hinausgehende, gesetzliche Aufbewahrungspflichten bestehen oder eine Einwilligung f\u00fcr eine l\u00e4ngere Speicherung von Bewerbungsdaten erteilt wurde. <\/p>\n\n<H4>VIDEO\u00dcBERWACHUNG UNSERES FIRMENGEL\u00c4NDES<\/H4>\n\n<p>Die \u00dcberwachung unseres Firmengel\u00e4ndes sowie unserer Lagerr\u00e4ume ist zur Erf\u00fcllung zur Wahrung unserer berechtigten Interessen, insbesondere zur Wahrnehmung des Hausrechts, zum Schutz von Leben, Gesundheit oder Freiheit von dort aufh\u00e4ltigen Personen (vgl. \u00a7 4 BDSG) sowie zum Schutz vor Einbruch und Diebstahl erforderlich. Rechtsgrundlage ist Art. 6 Abs. 1 S. 1 lit. f DS-GVO.<\/p>\n\n<H4>HINWEIS ZUR NUTZUNG VON FOTO- UND VIDEOAUFNAHMEN IM RAHMEN VON PR\u00c4SENZVERANSTALTUNGEN<\/H4>\n\n<p>(1) Bei unseren Pr\u00e4senzveranstaltungen k\u00f6nnen Foto- und Videoaufnahmen gemacht werden, um die Veranstaltung zu dokumentieren und f\u00fcr Marketingzwecke zu nutzen. Diese Aufnahmen k\u00f6nnen auf unserer Website, in unseren Social-Media-Kan\u00e4len (z. B. Facebook, Instagram, Xing und YouTube) sowie in gedruckten Werbematerialien ver\u00f6ffentlicht werden. <\/p>\n\n<p>(2) Die Verarbeitung der Foto- und Videodaten erfolgt auf Grundlage von Art. 6 Abs. 1 lit. f DSGVO. Unser berechtigtes Interesse liegt in der Dokumentation unserer Veranstaltungen und der F\u00f6rderung unserer Dienstleistungen. Sofern aus rechtlichen Gr\u00fcnden eine Einwilligung erforderlich ist, werden wir Sie an gegebener Stelle darum bitten. In diesen F\u00e4llen erfolgt die Verarbeitung auf Grundlage von Art. 6 Abs. 1 lit. a DSGVO. <\/p>\n\n<p>(3) Sie haben das Recht, der Verarbeitung Ihrer personenbezogenen Daten, die auf Grundlage von Art. 6 Abs. 1 lit. f DSGVO erfolgt, jederzeit gem\u00e4\u00df Art. 21 DSGVO zu widersprechen. Wenn Sie von Ihrem Widerspruchsrecht Gebrauch machen, werden wir die betreffenden Daten nicht weiterverarbeiten, es sei denn, es liegen zwingende schutzw\u00fcrdige Gr\u00fcnde f\u00fcr die Verarbeitung vor. Auch wenn die Verarbeitung auf Ihrer Einwilligung nach Art. 6 Abs. 1 lit. a DSGVO beruht, haben Sie das Recht, diese Einwilligung jederzeit zu widerrufen. Der Widerruf der Einwilligung ber\u00fchrt nicht die Rechtm\u00e4\u00dfigkeit der aufgrund der Einwilligung bis zum Widerruf erfolgten Verarbeitung. <\/p>\n\n<\/body>\n<\/html>\n\t\t\t\t<\/div>\n\t\t\t\t<\/div>\n\t\t\t\t\t<\/div>\n\t\t\t\t<\/div>\n\t\t\t\t<\/div>\n\t\t","protected":false},"excerpt":{"rendered":"<p>DATENSCHUTZERKL\u00c4RUNG F\u00dcR DIE NUTZUNG UNSERER WEBSITES INFORMATION \u00dcBER DIE ERHEBUNG PERSONENBEZOGENER DATEN (1) Im Folgenden informieren wir \u00fcber die Erhebung personenbezogener Daten bei Nutzung unserer Website. Personenbezogene Daten sind alle Daten, die auf Sie pers\u00f6nlich beziehbar sind, z. B. Name, Adresse, E-Mail-Adressen, Nutzerverhalten. Dadurch m\u00f6chten wir Sie \u00fcber unsere Verarbeitungsvorg\u00e4nge informieren und zugleich den gesetzlichen [&hellip;]<\/p>\n","protected":false},"author":4,"featured_media":0,"parent":0,"menu_order":0,"comment_status":"closed","ping_status":"closed","template":"elementor_header_footer","meta":{"ocean_post_layout":"","ocean_both_sidebars_style":"","ocean_both_sidebars_content_width":0,"ocean_both_sidebars_sidebars_width":0,"ocean_sidebar":"","ocean_second_sidebar":"","ocean_disable_margins":"enable","ocean_add_body_class":"","ocean_shortcode_before_top_bar":"","ocean_shortcode_after_top_bar":"","ocean_shortcode_before_header":"","ocean_shortcode_after_header":"","ocean_has_shortcode":"","ocean_shortcode_after_title":"","ocean_shortcode_before_footer_widgets":"","ocean_shortcode_after_footer_widgets":"","ocean_shortcode_before_footer_bottom":"","ocean_shortcode_after_footer_bottom":"","ocean_display_top_bar":"default","ocean_display_header":"default","ocean_header_style":"","ocean_center_header_left_menu":"","ocean_custom_header_template":"","ocean_custom_logo":0,"ocean_custom_retina_logo":0,"ocean_custom_logo_max_width":0,"ocean_custom_logo_tablet_max_width":0,"ocean_custom_logo_mobile_max_width":0,"ocean_custom_logo_max_height":0,"ocean_custom_logo_tablet_max_height":0,"ocean_custom_logo_mobile_max_height":0,"ocean_header_custom_menu":"","ocean_menu_typo_font_family":"","ocean_menu_typo_font_subset":"","ocean_menu_typo_font_size":0,"ocean_menu_typo_font_size_tablet":0,"ocean_menu_typo_font_size_mobile":0,"ocean_menu_typo_font_size_unit":"px","ocean_menu_typo_font_weight":"","ocean_menu_typo_font_weight_tablet":"","ocean_menu_typo_font_weight_mobile":"","ocean_menu_typo_transform":"","ocean_menu_typo_transform_tablet":"","ocean_menu_typo_transform_mobile":"","ocean_menu_typo_line_height":0,"ocean_menu_typo_line_height_tablet":0,"ocean_menu_typo_line_height_mobile":0,"ocean_menu_typo_line_height_unit":"","ocean_menu_typo_spacing":0,"ocean_menu_typo_spacing_tablet":0,"ocean_menu_typo_spacing_mobile":0,"ocean_menu_typo_spacing_unit":"","ocean_menu_link_color":"","ocean_menu_link_color_hover":"","ocean_menu_link_color_active":"","ocean_menu_link_background":"","ocean_menu_link_hover_background":"","ocean_menu_link_active_background":"","ocean_menu_social_links_bg":"","ocean_menu_social_hover_links_bg":"","ocean_menu_social_links_color":"","ocean_menu_social_hover_links_color":"","ocean_disable_title":"default","ocean_disable_heading":"default","ocean_post_title":"","ocean_post_subheading":"","ocean_post_title_style":"","ocean_post_title_background_color":"","ocean_post_title_background":0,"ocean_post_title_bg_image_position":"","ocean_post_title_bg_image_attachment":"","ocean_post_title_bg_image_repeat":"","ocean_post_title_bg_image_size":"","ocean_post_title_height":0,"ocean_post_title_bg_overlay":0.5,"ocean_post_title_bg_overlay_color":"","ocean_disable_breadcrumbs":"default","ocean_breadcrumbs_color":"","ocean_breadcrumbs_separator_color":"","ocean_breadcrumbs_links_color":"","ocean_breadcrumbs_links_hover_color":"","ocean_display_footer_widgets":"default","ocean_display_footer_bottom":"default","ocean_custom_footer_template":"","footnotes":""},"class_list":["post-3","page","type-page","status-publish","hentry","entry"],"_links":{"self":[{"href":"https:\/\/august-kayser-stiftung.de\/index.php\/wp-json\/wp\/v2\/pages\/3","targetHints":{"allow":["GET"]}}],"collection":[{"href":"https:\/\/august-kayser-stiftung.de\/index.php\/wp-json\/wp\/v2\/pages"}],"about":[{"href":"https:\/\/august-kayser-stiftung.de\/index.php\/wp-json\/wp\/v2\/types\/page"}],"author":[{"embeddable":true,"href":"https:\/\/august-kayser-stiftung.de\/index.php\/wp-json\/wp\/v2\/users\/4"}],"replies":[{"embeddable":true,"href":"https:\/\/august-kayser-stiftung.de\/index.php\/wp-json\/wp\/v2\/comments?post=3"}],"version-history":[{"count":22,"href":"https:\/\/august-kayser-stiftung.de\/index.php\/wp-json\/wp\/v2\/pages\/3\/revisions"}],"predecessor-version":[{"id":1986,"href":"https:\/\/august-kayser-stiftung.de\/index.php\/wp-json\/wp\/v2\/pages\/3\/revisions\/1986"}],"wp:attachment":[{"href":"https:\/\/august-kayser-stiftung.de\/index.php\/wp-json\/wp\/v2\/media?parent=3"}],"curies":[{"name":"wp","href":"https:\/\/api.w.org\/{rel}","templated":true}]}}